
			
			
			
			
			
			
			
			{"id":2295,"date":"2015-10-09T10:32:58","date_gmt":"2015-10-09T10:32:58","guid":{"rendered":"http:\/\/dev.crumina.net\/jolyness\/?page_id=2295"},"modified":"2023-06-22T18:22:58","modified_gmt":"2023-06-22T18:22:58","slug":"quienes","status":"publish","type":"page","link":"https:\/\/www.grupodizmar.com\/pt\/quienes\/","title":{"rendered":"Quem Somos"},"content":{"rendered":"<p>[vc_row][vc_column width=&#8221;1\/2&#8243;][vc_single_image image=&#8221;4128&#8243; img_size=&#8221;medium&#8221;][vc_column_text]Talleres\u00a0Dizmar nascido em Porrino Pontevedra e \u00e9 uma das empresas pertencentes ao <strong>GRUPO\u00a0DIZMAR<\/strong>, criado em 1974 como uma oficina\u00a0de soldadura e calderer\u00eda.<\/p>\n<p>Com o nosso trabalho e desejo de melhorar, ano ap\u00f3s ano, temos vindo a especializar\u00a0em repara\u00e7\u00e3o e fabrica\u00e7\u00e3o de engates para maquinaria pesada, manuten\u00e7\u00e3o de instala\u00e7\u00f5es, fabrica\u00e7\u00e3o e montagem de estruturas de a\u00e7o para os grandes projectos, pontes, passarelas, viadutos, constru\u00e7\u00e3o naval, etc &#8230;<\/p>\n<p>Resolver para nossos clientes, tarefas de desenho, c\u00e1lculo, fabrico e montagem em diferentes \u00e1reas da nossa especialidade.<\/p>\n<p>Em junho 2014 <strong>GRUPO DIZMAR<\/strong>\u00a0aumentou sua capacidade de produ\u00e7\u00e3o com a amplia\u00e7\u00e3o\u00a0das oficinas localizadas em O Carballino Ourense com 13.600 m2; 11.600 m2 de oficina sob o gancho e 25.000 m2 de \u00e1rea de campo\u00a0para manobras e\u00a0\u00a0estoques.[\/vc_column_text][\/vc_column][vc_column width=&#8221;1\/2&#8243;][vc_empty_space]<div class=\"crum-vc-slider module-wrapper team-members-slider\"\r\n\t\t\t\t\t\t\t\tdata-loop=\"false\"\r\n\t\t\t\t\t\t\t\tdata-items=\"1\"\r\n\t\t\t\t\t\t\t\tdata-nav=\"false\"\r\n\t\t\t\t\t\t\t\tdata-dots=\"false\"\r\n\t\t\t\t\t\t\t\tdata-autoplay=\"false\"\r\n\t\t\t\t\t\t\t\tdata-autoplayTimeout=\"3000\"\r\n\t\t\t\t\t\t\t\tdata-controls-style=\"false\"\r\n\t\t\t\t\t\t\t\t><div class=\"image-center\" ><a class=\"zoom-link\" href=\"https:\/\/www.grupodizmar.com\/wp-content\/uploads\/2015\/10\/dizmar_3.jpg\"><img decoding=\"async\" class=\"\"img-responsive\" src=\"https:\/\/www.grupodizmar.com\/wp-content\/uploads\/2015\/10\/dizmar_3-598x396_c.jpg\"\/><\/a><\/div><div class=\"image-center\" ><a class=\"zoom-link\" href=\"https:\/\/www.grupodizmar.com\/wp-content\/uploads\/2015\/10\/dizmar_2.jpg\"><img decoding=\"async\" class=\"\"img-responsive\" src=\"https:\/\/www.grupodizmar.com\/wp-content\/uploads\/2015\/10\/dizmar_2-598x396_c.jpg\"\/><\/a><\/div><div class=\"image-center\" ><a class=\"zoom-link\" href=\"https:\/\/www.grupodizmar.com\/wp-content\/uploads\/2015\/10\/dizmar_1.jpg\"><img decoding=\"async\" class=\"\"img-responsive\" src=\"https:\/\/www.grupodizmar.com\/wp-content\/uploads\/2015\/10\/dizmar_1-598x396_c.jpg\"\/><\/a><\/div><\/div><!--slides-->[\/vc_column][\/vc_row][vc_row][vc_column width=&#8221;1\/2&#8243;]<div class=\"crum-vc-slider module-wrapper team-members-slider\"\r\n\t\t\t\t\t\t\t\tdata-loop=\"false\"\r\n\t\t\t\t\t\t\t\tdata-items=\"1\"\r\n\t\t\t\t\t\t\t\tdata-nav=\"false\"\r\n\t\t\t\t\t\t\t\tdata-dots=\"false\"\r\n\t\t\t\t\t\t\t\tdata-autoplay=\"false\"\r\n\t\t\t\t\t\t\t\tdata-autoplayTimeout=\"3000\"\r\n\t\t\t\t\t\t\t\tdata-controls-style=\"false\"\r\n\t\t\t\t\t\t\t\t><div class=\"image-center\" ><a class=\"zoom-link\" href=\"https:\/\/www.grupodizmar.com\/wp-content\/uploads\/2015\/10\/porlan_1.jpg\"><img decoding=\"async\" class=\"\"img-responsive\" src=\"https:\/\/www.grupodizmar.com\/wp-content\/uploads\/2015\/10\/porlan_1-598x396_c.jpg\"\/><\/a><\/div><div class=\"image-center\" ><a class=\"zoom-link\" href=\"https:\/\/www.grupodizmar.com\/wp-content\/uploads\/2015\/10\/porlan_3.jpg\"><img decoding=\"async\" class=\"\"img-responsive\" src=\"https:\/\/www.grupodizmar.com\/wp-content\/uploads\/2015\/10\/porlan_3-598x396_c.jpg\"\/><\/a><\/div><div class=\"image-center\" ><a class=\"zoom-link\" href=\"https:\/\/www.grupodizmar.com\/wp-content\/uploads\/2015\/10\/porlan_2.jpg\"><img decoding=\"async\" class=\"\"img-responsive\" src=\"https:\/\/www.grupodizmar.com\/wp-content\/uploads\/2015\/10\/porlan_2-598x396_c.jpg\"\/><\/a><\/div><\/div><!--slides-->[\/vc_column][vc_column width=&#8221;1\/2&#8243;][vc_single_image image=&#8221;4125&#8243; img_size=&#8221;medium&#8221;][vc_column_text]Construcciones\u00a0Porlan, S.L. \u00c9 uma das empresas pertencentes a <strong>GRUPO DIZMAR<\/strong>, fundado em 1993 como uma empresa de constru\u00e7\u00e3o em geral.<\/p>\n<p>Ao longo dos anos temos vindo a especializar para al\u00e9m destas actividades iniciais, funda\u00e7\u00f5es de m\u00e1quinas industriais, manuten\u00e7\u00e3o de f\u00e1bricas, a implementa\u00e7\u00e3o de projetos industriais chave na m\u00e3o, etc &#8230;[\/vc_column_text][\/vc_column][\/vc_row]<\/p>","protected":false},"excerpt":{"rendered":"<p>[vc_row][vc_column width=&#8221;1\/2&#8243;][vc_single_image image=&#8221;4128&#8243; img_size=&#8221;medium&#8221;][vc_column_text]Talleres\u00a0Dizmar nascido em Porrino Pontevedra e \u00e9 uma das empresas pertencentes ao GRUPO\u00a0DIZMAR, criado em 1974 como uma oficina\u00a0de soldadura e calderer\u00eda. Com o nosso trabalho e desejo de melhorar, ano ap\u00f3s ano, temos vindo a especializar\u00a0em repara\u00e7\u00e3o e fabrica\u00e7\u00e3o de engates<span class=\"hidden\"><a   rel=\"bookmark\" href=\"https:\/\/www.grupodizmar.com\/pt\/quienes\/\" title=\"Read Quem Somos\" class=\"btn btn-normal\">Read more<\/a><\/span><\/p>\n","protected":false},"author":1,"featured_media":0,"parent":0,"menu_order":0,"comment_status":"closed","ping_status":"closed","template":"","meta":{"footnotes":""},"class_list":["post-2295","page","type-page","status-publish","hentry"],"_links":{"self":[{"href":"https:\/\/www.grupodizmar.com\/pt\/wp-json\/wp\/v2\/pages\/2295","targetHints":{"allow":["GET"]}}],"collection":[{"href":"https:\/\/www.grupodizmar.com\/pt\/wp-json\/wp\/v2\/pages"}],"about":[{"href":"https:\/\/www.grupodizmar.com\/pt\/wp-json\/wp\/v2\/types\/page"}],"author":[{"embeddable":true,"href":"https:\/\/www.grupodizmar.com\/pt\/wp-json\/wp\/v2\/users\/1"}],"replies":[{"embeddable":true,"href":"https:\/\/www.grupodizmar.com\/pt\/wp-json\/wp\/v2\/comments?post=2295"}],"version-history":[{"count":20,"href":"https:\/\/www.grupodizmar.com\/pt\/wp-json\/wp\/v2\/pages\/2295\/revisions"}],"predecessor-version":[{"id":4326,"href":"https:\/\/www.grupodizmar.com\/pt\/wp-json\/wp\/v2\/pages\/2295\/revisions\/4326"}],"wp:attachment":[{"href":"https:\/\/www.grupodizmar.com\/pt\/wp-json\/wp\/v2\/media?parent=2295"}],"curies":[{"name":"wp","href":"https:\/\/api.w.org\/{rel}","templated":true}]}}